{"id":11479,"date":"2017-07-20T13:43:11","date_gmt":"2017-07-20T11:43:11","guid":{"rendered":"http:\/\/kimark.be\/HAMA\/?page_id=11479"},"modified":"2021-01-06T11:00:34","modified_gmt":"2021-01-06T10:00:34","slug":"hama-1","status":"publish","type":"page","link":"https:\/\/asblhama.be\/nl\/hama-1\/","title":{"rendered":"Hama 1"},"content":{"rendered":"<section class=\"wpb-content-wrapper\">[vc_row fullwidth=&#8221;true&#8221;][vc_column][mk_image src=&#8221;http:\/\/asblhama.be\/wp-content\/uploads\/2017\/01\/titre-hama1-1.jpg&#8221; image_size=&#8221;full&#8221;][\/vc_column][\/vc_row][mk_page_section padding_top=&#8221;50&#8243; padding_bottom=&#8221;50&#8243; sidebar=&#8221;sidebar-1&#8243;][vc_column width=&#8221;1\/4&#8243;][mk_image src=&#8221;http:\/\/asblhama.be\/wp-content\/uploads\/2017\/01\/b-hama1-1.png&#8221; image_size=&#8221;full&#8221; align=&#8221;right&#8221;][\/vc_column][vc_column width=&#8221;3\/4&#8243;][vc_tabs responsive=&#8221;false&#8221; container_bg_color=&#8221;#ffffff&#8221;][vc_tab title=&#8221;Onze geschiedenis&#8221; tab_id=&#8221;1494242917-1-96&#8243;][mk_fancy_title size=&#8221;35&#8243; font_weight=&#8221;400&#8243; margin_bottom=&#8221;0&#8243; font_family=&#8221;none&#8221;]Onze geschiedenis[\/mk_fancy_title][mk_divider style=&#8221;thin_solid&#8221; divider_width=&#8221;custom_width&#8221; custom_width=&#8221;150&#8243; align=&#8221;left&#8221; thin_single_color=&#8221;#ffa814&#8243; thickness=&#8221;2&#8243; margin_top=&#8221;0&#8243; margin_bottom=&#8221;30&#8243;][vc_column_text css=&#8221;.vc_custom_1549451671581{margin-bottom: 0px !important;}&#8221;]\n<p style=\"text-align: justify;\">Hama 1 geschiedenis<\/p>\n<p style=\"text-align: justify;\">Hama 1 en Apam (ETA) werden in 1965 op initiatief van de ouders gecre\u00eberd: de heer en mevrouw Lambert, en Dr. Ren\u00e9e Portray, die toen president van Anham was. Het idee was voor die tijd innovatief: ze wilden mensen met een verstandelijke beperking toestaan \u200b\u200been volwassen leven te leiden als &#8220;normaal&#8221; mogelijk, dat wil zeggen om overdag te werken en &#8220;een thuis&#8221; te vinden in de avond in een kleine stedelijke structuur. Hun zorg was om ervoor te zorgen dat hun kind een ingelijste leefruimte kreeg &#8220;voor wanneer zij er niet zouden zijn&#8221;.<\/p>\n<p style=\"text-align: justify;\">Het eerste &#8220;thuis&#8221; van de vereniging Hama werd gecre\u00eberd dankzij de vrijgevigheid van het bedrijf P&amp;V, voorheen &#8220;sociaal welzijn&#8221; genoemd, dat gaf in de vorm van een erfpachtovereenkomst, een gebouw gelegen op nummer 10 Ernest Cambierlaan in Schaarbeek. De eerste bewoner trad op 22 februari 1966 binnen, en geleidelijk trokken andere bewoners naar 20; alleen mannen, alle arbeiders. Toen ze terugkwamen van het werk, werden ze begroet door een echtpaar dat permanent in het huis woonde en er met de hulp van iedereen voor zorgde. In de hoofden van de oprichters was er geen sprake van professionals om toezicht op hen te houden, maar van een aanwezigheid van het gezin.<\/p>\n<p style=\"text-align: justify;\">In de loop der jaren zijn de mentaliteiten en de educatieve benadering van mentale handicaps ge\u00ebvolueerd. Onder leiding van mevrouw Th\u00e9r\u00e8se Kempeneers in het begin en mevrouw Claire Pierreux werd vervolgens een team van 3 fulltime opvoeders en een parttime opvoeder gevormd om het dagelijks leven te organiseren en activiteiten in de avond te ontwikkelen. Sinds 1989 zijn veel inwoners gepensioneerd en zijn anderen vanwege hun leeftijd geleidelijk aan minder oud geworden. Als gevolg hiervan bleven meer en meer begunstigden overdag thuis en moesten aanpassingen voor het ouder worden van mensen worden overwogen. Momenteel heeft het huis slechts twee werknemers en 8 mensen wonen een dagcentrum bij. Het educatieve team heeft 16 werknemers (fulltime en parttime gecombineerd).<\/p>\n<p style=\"text-align: justify;\">De toegenomen aanwezigheid van bewoners gedurende de dag heeft ertoe geleid dat het huis zijn dagelijkse organisatie aanpaste aan het ritme en de individuele behoeften van elk individu. Deze specifieke ondersteuning is nu een van de fundamentele projecten van Hama 1. Een ander belangrijk project is de overgang naar genderdiversiteit, die zich in 2005 heeft gemanifesteerd. Tot op heden bestaat de groep uit 6 vrouwen en 15 mannen. Onder hen werden verschillende paren gevormd.<\/p>\n<p style=\"text-align: justify;\">De implementatie van deze nieuwe uitdagingen vereiste ook architectonische aanpassing. Aan het eind van de jaren negentig werd het pand niet langer aangepast aan de behoeften van de bewoners. In 1999 kocht de non-profitorganisatie het gebouw om de nodige werken uit te voeren en in 2001 begonnen belangrijke ontwikkelingen. De kelders zijn getransformeerd naar kantoren, een multifunctionele ruimte voor vergaderingen en activiteiten, een wasruimte, een wasserette en een werkplaats. De vloeren zijn ook getransformeerd om een \u200b\u200bmaximum aan individuele kamers en ruimtes geschikt voor koppels te bieden. Een medische ruimte op de begane grond zorgt voor de occasionele verzorging van 2 zieke of gewonde bewoners. Elke kamer heeft een wastafel. Op elke verdieping zijn badkamers uitgerust met hoogwaardige apparatuur. Een lift aangepast voor mensen met beperkte mobiliteit en een hefplatform zorgen voor een gemakkelijke toegang. Er werd ook een brandtrap gebouwd. Meer werk, inclusief de renovatie van sanitaire voorzieningen, wordt in 2016 uitgevoerd.<\/p>\n[\/vc_column_text][\/vc_tab][vc_tab title=&#8221;Voorstelling&#8221; tab_id=&#8221;1494242917-2-99&#8243;][mk_fancy_title size=&#8221;35&#8243; font_weight=&#8221;400&#8243; margin_bottom=&#8221;0&#8243; font_family=&#8221;none&#8221;]Voorstelling[\/mk_fancy_title][mk_divider style=&#8221;thin_solid&#8221; divider_width=&#8221;custom_width&#8221; custom_width=&#8221;150&#8243; align=&#8221;left&#8221; thin_single_color=&#8221;#ffa814&#8243; thickness=&#8221;2&#8243; margin_top=&#8221;0&#8243; margin_bottom=&#8221;30&#8243;][vc_column_text]\n<p style=\"text-align: justify;\">Het huis van de Ernest Cambierlaan, waar HAMA 1 gevestigd is, ligt in het noorden van Schaarbeek, dichtbij talrijke handelszaken waar de bewoners terecht kunnen. Er is ook heel veel openbaar vervoer in de buurt. Het nabij gelegen Josafat park draagt zeker bij tot rust en kalmte. Het gebouw heeft daarenboven een vrij grote tuin die tal van ontspanningsmogelijkheden biedt.<\/p>\n<p style=\"text-align: justify;\">Het centrum biedt een familiaal en warm kader, waarin collectief leven en respect voor de individuele behoeften en levenswijzen mogelijk zijn. De families en de naasten zijn er ook welkom.<\/p>\n<p style=\"text-align: justify;\">Naargelang hun capaciteiten kunnen sommige bewoners zich zelfstandig buiten het huis bewegen.<\/p>\n<p style=\"text-align: justify;\">Het opvangcentrum HAMA 1 is het hele jaar open, 24u\/24, 7 dagen op 7. De deuren van het huis zijn nooit gesloten.<\/p>\n<p style=\"text-align: justify;\">Hama 1 is door de Commissie van de Franse Gemeenschap van het Brussels Hoofdstedelijk Gewest goedgekeurd voor 21 mensen met een mentale handicap (waaronder \u00e9\u00e9n persoon die sterk afhankelijk is). De gemiddelde leeftijd van de bewoners van is vrij hoog.<\/p>\n[\/vc_column_text][\/vc_tab][vc_tab title=&#8221;Collectief project&#8221; tab_id=&#8221;1494242958886-2-5&#8243;][mk_fancy_title size=&#8221;35&#8243; font_weight=&#8221;400&#8243; margin_bottom=&#8221;0&#8243; font_family=&#8221;none&#8221;]Collectief project[\/mk_fancy_title][mk_divider style=&#8221;thin_solid&#8221; divider_width=&#8221;custom_width&#8221; custom_width=&#8221;150&#8243; align=&#8221;left&#8221; thin_single_color=&#8221;#ffa814&#8243; thickness=&#8221;2&#8243; margin_top=&#8221;0&#8243; margin_bottom=&#8221;30&#8243;][vc_column_text css=&#8221;.vc_custom_1549452181511{margin-bottom: 0px !important;}&#8221;]<a href=\"http:\/\/asblhama.be\/wp-content\/uploads\/2019\/02\/projet-collectif-hama-1-2018.pdf\" target=\"_blank\" rel=\"noopener noreferrer\"><strong><u>In het collectief project<\/u><\/strong><\/a> staan precieze details over het centrum, de doelstellingen en de middelen die daarvoor worden uitgetrokken. In de bijlagen zitten het huishoudelijk reglement en een voorbeeld van een gepersonaliseerde overeenkomst.[\/vc_column_text][\/vc_tab][vc_tab title=&#8221;Leven in HAMA 1&#8243; tab_id=&#8221;1494242959842-3-8&#8243;][mk_fancy_title size=&#8221;35&#8243; font_weight=&#8221;400&#8243; margin_bottom=&#8221;0&#8243; font_family=&#8221;none&#8221;]Leven in HAMA 1[\/mk_fancy_title][mk_divider style=&#8221;thin_solid&#8221; divider_width=&#8221;custom_width&#8221; custom_width=&#8221;150&#8243; align=&#8221;left&#8221; thin_single_color=&#8221;#ffa814&#8243; thickness=&#8221;2&#8243; margin_top=&#8221;0&#8243; margin_bottom=&#8221;30&#8243;][vc_column_text]\n<p style=\"text-align: justify;\">Het educatief team legt de nadruk op de begeleiding in een familiaal aangepast kader.<\/p>\n<p style=\"text-align: justify;\">Om onze doelstellingen waar te kunnen maken, stellen we verschillende middelen ter beschikking en we respecteren daarbij altijd het ritme en de interesses van al onze bewoners. De collectieve of individuele activiteiten zoals muziektherapie, ludotheek, langzaam wandelen, plastische kunsten, relaxatie, hippotherapie, dans, bar, tuinieren maken deel uit van het dagdagelijkse bestaan van onze bewoners.<\/p>\n<p style=\"text-align: justify;\">We stellen hen vrijetijdsbestedingen en vakantie voor met onze opvoeders of externe organismen: Cr\u00e9ahm, Silex, Vacances-Aventures, Sapham, Evasion, Vacances-Aventures,\u2026<\/p>\n<p style=\"text-align: justify;\">Sommige bewoners gaan naar dagcentra zoals &#8220;La Foresti\u00e8re&#8221;,\u00a0&#8220;Le Centre de vie&#8221; en\u00a0&#8220;Ana\u00efs&#8221;<\/p>\n<p style=\"text-align: justify;\">Elk individueel begeleidingsproject wordt aangepakt in een pluridisciplinair team in overleg met de persoon, zijn familie en zijn sociaal netwerk. De raad der gebruikers is ook een bevoorrechte plaats waar iedereen zich vrij kan uitdrukken en waar nieuwe projecten vorm krijgen.<\/p>\n<p style=\"text-align: justify;\">De tuin werd vernieuwd en is nu toegankelijk voor alle mensen van de instelling met inbegrip van de personen met beperkte mobiliteit. De tuin werd grondig schoon gemaakt en met de hulp van een beroepstuinier en de mensen van de instelling hebben we er verhoogde kweekbakken geplaatst om er rechtstaand of zittend in te kunnen werken. We hebben ook een dubbele compostsilo aangelegd.<\/p>\n[\/vc_column_text][mk_gallery images=&#8221;11244,11245,11246,11247,11248,11249,11250,11251,11252,11253,11254,11255,11256,11257,11258,11259,11260,11261,11262,11263,11264,11265,11266,11267,11268,11269,11270,11271,11272,11273,11274,11275,11276,11277,11278&#8243; column=&#8221;5&#8243; height=&#8221;200&#8243; overlay_color=&#8221;#f4a700&#8243;][\/vc_tab][vc_tab title=&#8221;Actualiteit&#8221; tab_id=&#8221;1494242961001-4-5&#8243;][mk_fancy_title size=&#8221;35&#8243; font_weight=&#8221;400&#8243; margin_bottom=&#8221;0&#8243; font_family=&#8221;none&#8221;]Actualiteit[\/mk_fancy_title][mk_divider style=&#8221;thin_solid&#8221; divider_width=&#8221;custom_width&#8221; custom_width=&#8221;150&#8243; align=&#8221;left&#8221; thin_single_color=&#8221;#ffa814&#8243; thickness=&#8221;2&#8243; margin_top=&#8221;0&#8243; margin_bottom=&#8221;30&#8243;][vc_column_text]\n<p style=\"text-align: justify;\">In 2016 hebben we, en dat was hoognodig, het sanitair en de badkamers vernieuwd met de steun van de COCOF, (de Franse gemeenschapscommissie).<\/p>\n<p style=\"text-align: justify;\">We hebben in september 2016 onze 50ste verjaardag gevierd in aanwezigheid van Mevrouw Fr\u00e9mault, Minister bevoegd voor Hulp aan personen en gehandicapte personen.<\/p>\n<p style=\"text-align: justify;\">Onze projecten: de elektrische installatie conform maken; het parket van de eetkamer en het salon vernieuwen en een volledig nieuwe keuken plaatsen.<\/p>\n[\/vc_column_text][\/vc_tab][vc_tab title=&#8221;Contact&#8221; tab_id=&#8221;1494243209133-5-6&#8243;][vc_row_inner][vc_column_inner width=&#8221;1\/2&#8243;][mk_fancy_title size=&#8221;35&#8243; font_weight=&#8221;400&#8243; margin_bottom=&#8221;0&#8243; font_family=&#8221;none&#8221;]Contact[\/mk_fancy_title][mk_divider style=&#8221;thin_solid&#8221; divider_width=&#8221;custom_width&#8221; custom_width=&#8221;150&#8243; align=&#8221;left&#8221; thin_single_color=&#8221;#ffa814&#8243; thickness=&#8221;2&#8243; margin_top=&#8221;0&#8243; margin_bottom=&#8221;30&#8243;][vc_column_text css=&#8221;.vc_custom_1609927229530{margin-bottom: 0px !important;}&#8221;]<strong>Voor bijkomende informatie kunt u ons contacteren op :<\/strong><\/p>\n<p>HAMA 1 Ernest Cambierlaan, 10 in 1030 Schaarbeek<\/p>\n<p><strong>Directie :<\/strong> Geoffrey CHIANG<\/p>\n<p><strong>Tel.:<\/strong> 02 \/705.71.36.<\/p>\n<p><strong>Email:<\/strong> <a href=\"mailto:directionadminh1h2@asblhama.be\">directionadminh1h2@asblhama.be<\/a>[\/vc_column_text][\/vc_column_inner][vc_column_inner width=&#8221;1\/2&#8243;][mk_advanced_gmaps latitude=&#8221;50.857586&#8243; longitude=&#8221;4.395158&#8243; content_bg_color=&#8221;#ffffff&#8221; content_font_color=&#8221;#777777&#8243; map_zoom=&#8221;12&#8243;][\/vc_column_inner][\/vc_row_inner][\/vc_tab][\/vc_tabs][\/vc_column][\/mk_page_section]\n<\/section>","protected":false},"excerpt":{"rendered":"<p>[vc_row fullwidth=&#8221;true&#8221;][vc_column][mk_image src=&#8221;http:\/\/asblhama.be\/wp-content\/uploads\/2017\/01\/titre-hama1-1.jpg&#8221; image_size=&#8221;full&#8221;][\/vc_column][\/vc_row][mk_page_section padding_top=&#8221;50&#8243; padding_bottom=&#8221;50&#8243; sidebar=&#8221;sidebar-1&#8243;][vc_column width=&#8221;1\/4&#8243;][mk_image src=&#8221;http:\/\/asblhama.be\/wp-content\/uploads\/2017\/01\/b-hama1-1.png&#8221; image_size=&#8221;full&#8221; align=&#8221;right&#8221;][\/vc_column][vc_column width=&#8221;3\/4&#8243;][vc_tabs responsive=&#8221;false&#8221; container_bg_color=&#8221;#ffffff&#8221;][vc_tab title=&#8221;Onze geschiedenis&#8221; tab_id=&#8221;1494242917-1-96&#8243;][mk_fancy_title size=&#8221;35&#8243; font_weight=&#8221;400&#8243; margin_bottom=&#8221;0&#8243; font_family=&#8221;none&#8221;]Onze geschiedenis[\/mk_fancy_title][mk_divider style=&#8221;thin_solid&#8221; divider_width=&#8221;custom_width&#8221; custom_width=&#8221;150&#8243; align=&#8221;left&#8221; thin_single_color=&#8221;#ffa814&#8243; thickness=&#8221;2&#8243; margin_top=&#8221;0&#8243; margin_bottom=&#8221;30&#8243;][vc_column_text css=&#8221;.vc_custom_1549451671581{margin-bottom: 0px !important;}&#8221;] Hama 1 geschiedenis Hama 1 en Apam (ETA) werden in 1965 op initiatief van de ouders gecre\u00eberd: de heer en mevrouw Lambert, [&hellip;]<\/p>\n","protected":false},"author":1,"featured_media":0,"parent":0,"menu_order":1,"comment_status":"closed","ping_status":"closed","template":"","meta":[],"_links":{"self":[{"href":"https:\/\/asblhama.be\/nl\/wp-json\/wp\/v2\/pages\/11479"}],"collection":[{"href":"https:\/\/asblhama.be\/nl\/wp-json\/wp\/v2\/pages"}],"about":[{"href":"https:\/\/asblhama.be\/nl\/wp-json\/wp\/v2\/types\/page"}],"author":[{"embeddable":true,"href":"https:\/\/asblhama.be\/nl\/wp-json\/wp\/v2\/users\/1"}],"replies":[{"embeddable":true,"href":"https:\/\/asblhama.be\/nl\/wp-json\/wp\/v2\/comments?post=11479"}],"version-history":[{"count":7,"href":"https:\/\/asblhama.be\/nl\/wp-json\/wp\/v2\/pages\/11479\/revisions"}],"predecessor-version":[{"id":12072,"href":"https:\/\/asblhama.be\/nl\/wp-json\/wp\/v2\/pages\/11479\/revisions\/12072"}],"wp:attachment":[{"href":"https:\/\/asblhama.be\/nl\/wp-json\/wp\/v2\/media?parent=11479"}],"curies":[{"name":"wp","href":"https:\/\/api.w.org\/{rel}","templated":true}]}}